{"id":27369,"date":"2021-09-21T15:50:42","date_gmt":"2021-09-21T13:50:42","guid":{"rendered":"https:\/\/www.aquacolor.eu\/info\/"},"modified":"2022-05-13T16:21:25","modified_gmt":"2022-05-13T14:21:25","slug":"info","status":"publish","type":"page","link":"https:\/\/www.aquacolor.eu\/de\/info\/","title":{"rendered":"Info"},"content":{"rendered":"<div class=\"wpb-content-wrapper\"><p>[vc_row css=&#8220;.vc_custom_1631880944567{margin-top: 30px !important;border-bottom-width: 1px !important;padding-top: 2% !important;border-bottom-color: #000000 !important;border-bottom-style: solid !important;}&#8220;][vc_column width=&#8220;1\/3&#8243; css=&#8220;.vc_custom_1631880932549{padding-top: 10px !important;}&#8220;][vc_column_text css=&#8220;.vc_custom_1631880708236{margin-bottom: 20px !important;}&#8220;]<\/p>\n<p style=\"text-align: center;\"><a class=\"scroll\" href=\"#verlegen\"><u>VERLEGEN<\/u><\/a><\/p>\n<p>[\/vc_column_text][\/vc_column][vc_column width=&#8220;1\/3&#8243; css=&#8220;.vc_custom_1631880935407{padding-top: 10px !important;}&#8220;][vc_column_text css=&#8220;.vc_custom_1631880725202{margin-bottom: 20px !important;}&#8220;]<\/p>\n<p style=\"text-align: center;\"><a class=\"scroll\" href=\"#verpackung\"><u>VERPACKUNG<\/u><\/a><\/p>\n<p>[\/vc_column_text][\/vc_column][vc_column width=&#8220;1\/3&#8243; css=&#8220;.vc_custom_1631880939199{padding-top: 10px !important;}&#8220;][vc_column_text css=&#8220;.vc_custom_1646724493261{margin-bottom: 20px !important;}&#8220;]<\/p>\n<p style=\"text-align: center;\"><a class=\"scroll\" href=\"#downloads\"><u>TECHNISCHE DATEN<\/u><\/a><\/p>\n<p>[\/vc_column_text][\/vc_column][\/vc_row][vc_row css=&#8220;.vc_custom_1631880669200{margin-top: 30px !important;margin-bottom: 30px !important;}&#8220; el_id=&#8220;verlegen&#8220;][vc_column][vc_custom_heading text=&#8220;Verlegen&#8220; font_container=&#8220;tag:h1|text_align:left&#8220; use_theme_fonts=&#8220;yes&#8220;][\/vc_column][\/vc_row][vc_row][vc_column][vc_custom_heading text=&#8220;Verlegen &#8211; Allgemein&#8220; font_container=&#8220;tag:h5|text_align:left&#8220; use_theme_fonts=&#8220;yes&#8220; css=&#8220;.vc_custom_1631869581510{margin-bottom: 25px !important;}&#8220;][\/vc_column][\/vc_row][vc_row css=&#8220;.vc_custom_1631869699764{margin-bottom: 40px !important;}&#8220;][vc_column width=&#8220;1\/2&#8243;][vc_column_text]<\/p>\n<ul>\n<li>Bevor Sie das Mosaik oder die Fliesen verlegen, sollten Sie den Untergrund eben, sauber, fettfrei und trocken machen.<\/li>\n<li>Beachten Sie einen Abstand von mindestens 10 cm zu jeder W\u00e4rmequelle, beispielsweise in der K\u00fcche.<\/li>\n<li>Verwenden Sie zum Verleimen nur wei\u00dfen Kitt oder Zementflexleim. Tragen Sie ausreichend Leim auf, um Bl\u00e4schenbildung zwischen Fliese und Wand zu vermeiden.<\/li>\n<li>Transparante Mosaik: Kleber flach anbringen vor Haftung der Mosaike.<\/li>\n<li>Lassen Sie den Leim vollst\u00e4ndig trocknen (24 St), bevor Sie die Fugen f\u00fcllen. Ziehen Sie vorsichtig die Kunststofffolie ab.<\/li>\n<li>F\u00fcllen Sie die Fuge bis an die R\u00fcckwand (die gesamte Tiefe der Fuge). Unvollst\u00e4ndig gef\u00fcllte Fugen bleiben wegen der Transparenz der Fliese sichtbar. Verwenden Sie in Feuchtr\u00e4umen eine wasserdichte Fugenmasse. In Duschr\u00e4umen und Schwimmb\u00e4dern empfehlen wir Epoxidfugenmasse.<\/li>\n<\/ul>\n<p>[\/vc_column_text][\/vc_column][vc_column width=&#8220;1\/2&#8243;][vc_column_text]<\/p>\n<ul>\n<li>Verwenden Sie ein feuchtes Tuch, um die geflieste Fl\u00e4che zu reinigen und so alle Zementreste zu entfernen.<\/li>\n<li>Tragen Sie Handschuhe, eine Schutzbrille und geeignete Schutzkleidung.<\/li>\n<li>Halten Sie sich beim Verlegen an die Vorschriften des Leimherstellers auf der Verpackung.<\/li>\n<li>Schwimmbad gebrauch: wir empfehlen eine Abdichtungsprobe und eine Abdichtungsbehandlung. Nach den Verlegarbeiten 3 Wochen sch\u00fctzen und trocken lassen.<\/li>\n<\/ul>\n<p>[\/vc_column_text][\/vc_column][\/vc_row][vc_row css=&#8220;.vc_custom_1631869680819{margin-bottom: 30px !important;}&#8220;][vc_column][vc_separator color=&#8220;custom&#8220; accent_color=&#8220;#e4e4e4&#8243;][\/vc_column][\/vc_row][vc_row][vc_column][vc_custom_heading text=&#8220;Schneiden&#8220; font_container=&#8220;tag:h5|text_align:left&#8220; use_theme_fonts=&#8220;yes&#8220; css=&#8220;.vc_custom_1631869645933{margin-bottom: 25px !important;}&#8220;][\/vc_column][\/vc_row][vc_row css=&#8220;.vc_custom_1631869711006{margin-bottom: 30px !important;}&#8220;][vc_column width=&#8220;1\/2&#8243;][vc_column_text]Verwenden Sie dazu einen normalen Fliesenschneider (Foto1). Bevor Sie die Fliese schneiden, sollten Sie sie s\u00e4ubern und alles beseitigen, was Kratzer verursachen kann. Die Botschaft lautet: vorsichtig vorgehen. \u00dcberpr\u00fcfen Sie, ob das Messer des Fliesenschneiders scharf genug und in gutem Zustand ist. \u00dcben Sie beim Anschneiden und Brechen der Fliese nur einen leichten Druck aus.<\/p>\n<p>Verwenden Sie einen Monolith Mosaik-Kit als Unterlage, um ein besseres Ergebnis zu erhalten: Dies wird vor allem beim Schneiden von Mosaik empfohlen[\/vc_column_text][\/vc_column][vc_column width=&#8220;1\/2&#8243;][vc_single_image image=&#8220;21603&#8243; img_size=&#8220;full&#8220;][\/vc_column][\/vc_row][vc_row css=&#8220;.vc_custom_1631869680819{margin-bottom: 30px !important;}&#8220;][vc_column][vc_separator color=&#8220;custom&#8220; accent_color=&#8220;#e4e4e4&#8243;][\/vc_column][\/vc_row][vc_row css=&#8220;.vc_custom_1631871394090{margin-bottom: 30px !important;padding-bottom: 2% !important;}&#8220;][vc_column width=&#8220;1\/2&#8243;][vc_custom_heading text=&#8220;Mosaik netzverklebt&#8220; font_container=&#8220;tag:h5|text_align:left&#8220; use_theme_fonts=&#8220;yes&#8220; css=&#8220;.vc_custom_1631869746893{margin-bottom: 25px !important;}&#8220;][vc_row_inner css=&#8220;.vc_custom_1631870816537{margin-bottom: 16px !important;}&#8220;][vc_column_inner width=&#8220;1\/2&#8243;][vc_single_image image=&#8220;21614&#8243; img_size=&#8220;full&#8220;][\/vc_column_inner][vc_column_inner width=&#8220;1\/2&#8243;][vc_single_image image=&#8220;21616&#8243; img_size=&#8220;full&#8220; css=&#8220;.vc_custom_1631870543520{margin-bottom: 15px !important;}&#8220; el_class=&#8220;stap-icon&#8220;][vc_column_text]Glatte Oberfl\u00e4che, gleichm\u00e4ssig Flex aufbringen.[\/vc_column_text][\/vc_column_inner][\/vc_row_inner][vc_row_inner css=&#8220;.vc_custom_1631870819339{margin-bottom: 16px !important;}&#8220;][vc_column_inner width=&#8220;1\/2&#8243;][vc_single_image image=&#8220;21625&#8243; img_size=&#8220;full&#8220;][\/vc_column_inner][vc_column_inner width=&#8220;1\/2&#8243;][vc_single_image image=&#8220;21617&#8243; img_size=&#8220;full&#8220; css=&#8220;.vc_custom_1631870677899{margin-bottom: 15px !important;}&#8220; el_class=&#8220;stap-icon&#8220;][vc_column_text]Netz anbringen und gut andr\u00fccken f\u00fcr optimale Haftung von Mosaik mit Kleber. Andr\u00fccken mit Gummispachtel. Wenn n\u00f6tig, Kleberreste entfernen.[\/vc_column_text][\/vc_column_inner][\/vc_row_inner][vc_row_inner css=&#8220;.vc_custom_1631870822252{margin-bottom: 16px !important;}&#8220;][vc_column_inner width=&#8220;1\/2&#8243;][vc_single_image image=&#8220;21624&#8243; img_size=&#8220;full&#8220;][\/vc_column_inner][vc_column_inner width=&#8220;1\/2&#8243;][vc_single_image image=&#8220;21618&#8243; img_size=&#8220;full&#8220; css=&#8220;.vc_custom_1631870746540{margin-bottom: 15px !important;}&#8220; el_class=&#8220;stap-icon&#8220;][vc_column_text]Einfugen mit Gummispachtel.[\/vc_column_text][\/vc_column_inner][\/vc_row_inner][vc_row_inner][vc_column_inner width=&#8220;1\/2&#8243;][vc_single_image image=&#8220;21626&#8243; img_size=&#8220;full&#8220;][\/vc_column_inner][vc_column_inner width=&#8220;1\/2&#8243;][vc_single_image image=&#8220;21619&#8243; img_size=&#8220;full&#8220; css=&#8220;.vc_custom_1631870764788{margin-bottom: 15px !important;}&#8220; el_class=&#8220;stap-icon&#8220;][vc_column_text]Verwenden Sie ein feuchtes Tuch, um die geflieste Fl\u00e4che zu reinigen und so alle Zementreste zu entfernen.[\/vc_column_text][\/vc_column_inner][\/vc_row_inner][\/vc_column][vc_column width=&#8220;1\/2&#8243;][vc_custom_heading text=&#8220;Mosail vorderseitig papierverklebt&#8220; font_container=&#8220;tag:h5|text_align:left&#8220; use_theme_fonts=&#8220;yes&#8220; css=&#8220;.vc_custom_1631869762822{margin-bottom: 25px !important;}&#8220;][vc_row_inner css=&#8220;.vc_custom_1631870816537{margin-bottom: 16px !important;}&#8220;][vc_column_inner width=&#8220;1\/2&#8243;][vc_single_image image=&#8220;21629&#8243; img_size=&#8220;full&#8220;][\/vc_column_inner][vc_column_inner width=&#8220;1\/2&#8243;][vc_single_image image=&#8220;21616&#8243; img_size=&#8220;full&#8220; css=&#8220;.vc_custom_1631870543520{margin-bottom: 15px !important;}&#8220; el_class=&#8220;stap-icon&#8220;][vc_column_text]Bogen anbringen und andr\u00fccken.[\/vc_column_text][\/vc_column_inner][\/vc_row_inner][vc_row_inner css=&#8220;.vc_custom_1631870819339{margin-bottom: 16px !important;}&#8220;][vc_column_inner width=&#8220;1\/2&#8243;][vc_single_image image=&#8220;21632&#8243; img_size=&#8220;full&#8220;][\/vc_column_inner][vc_column_inner width=&#8220;1\/2&#8243;][vc_single_image image=&#8220;21617&#8243; img_size=&#8220;full&#8220; css=&#8220;.vc_custom_1631870677899{margin-bottom: 15px !important;}&#8220; el_class=&#8220;stap-icon&#8220;][vc_column_text]Andr\u00fccken mit Gummispachtel.[\/vc_column_text][\/vc_column_inner][\/vc_row_inner][vc_row_inner css=&#8220;.vc_custom_1631870819339{margin-bottom: 16px !important;}&#8220;][vc_column_inner width=&#8220;1\/2&#8243;][vc_single_image image=&#8220;21629&#8243; img_size=&#8220;full&#8220;][\/vc_column_inner][vc_column_inner width=&#8220;1\/2&#8243;][vc_single_image image=&#8220;21618&#8243; img_size=&#8220;full&#8220; css=&#8220;.vc_custom_1631870746540{margin-bottom: 15px !important;}&#8220; el_class=&#8220;stap-icon&#8220;][vc_column_text]Nach dem Trocknen (24 Stunden), Papier s\u00e4ttigen mit Wasser und sofort entfernen.[\/vc_column_text][\/vc_column_inner][\/vc_row_inner][vc_row_inner css=&#8220;.vc_custom_1631870819339{margin-bottom: 16px !important;}&#8220;][vc_column_inner width=&#8220;1\/2&#8243;][vc_single_image image=&#8220;21630&#8243; img_size=&#8220;full&#8220;][\/vc_column_inner][vc_column_inner width=&#8220;1\/2&#8243;][vc_single_image image=&#8220;21619&#8243; img_size=&#8220;full&#8220; css=&#8220;.vc_custom_1631870764788{margin-bottom: 15px !important;}&#8220; el_class=&#8220;stap-icon&#8220;][vc_column_text]Einfugen mit Epoxy und Gummispachtel.[\/vc_column_text][\/vc_column_inner][\/vc_row_inner][vc_row_inner css=&#8220;.vc_custom_1631870819339{margin-bottom: 16px !important;}&#8220;][vc_column_inner width=&#8220;1\/2&#8243;][vc_single_image image=&#8220;21631&#8243; img_size=&#8220;full&#8220;][\/vc_column_inner][vc_column_inner width=&#8220;1\/2&#8243;][vc_single_image image=&#8220;21620&#8243; img_size=&#8220;full&#8220; css=&#8220;.vc_custom_1631870912326{margin-bottom: 15px !important;}&#8220; el_class=&#8220;stap-icon&#8220;][vc_column_text]Verwenden Sie ein feuchtes Tuch, um die geflieste Fl\u00e4che zu reinigen und so alle Zementreste zu entfernen.[\/vc_column_text][\/vc_column_inner][\/vc_row_inner][\/vc_column][\/vc_row][vc_row css=&#8220;.vc_custom_1631869680819{margin-bottom: 30px !important;}&#8220;][vc_column][vc_separator color=&#8220;custom&#8220; accent_color=&#8220;#000000&#8243;][\/vc_column][\/vc_row][vc_row css=&#8220;.vc_custom_1631880683248{margin-top: 30px !important;margin-bottom: 30px !important;padding-bottom: 3% !important;}&#8220; el_id=&#8220;verpackung&#8220;][vc_column][vc_custom_heading text=&#8220;Verpackung&#8220; use_theme_fonts=&#8220;yes&#8220;][vc_single_image image=&#8220;21672&#8243; img_size=&#8220;full&#8220; alignment=&#8220;center&#8220; onclick=&#8220;custom_link&#8220; img_link_target=&#8220;_blank&#8220; link=&#8220;\/wp-content\/uploads\/2021\/09\/Aquacolor-packaging.pdf&#8220;][\/vc_column][\/vc_row][vc_row full_width=&#8220;stretch_row_content&#8220; equal_height=&#8220;yes&#8220; css=&#8220;.vc_custom_1631880690953{margin-bottom: 5px !important;background-color: #0a0a0a !important;}&#8220; el_class=&#8220;info-downloads&#8220; el_id=&#8220;downloads&#8220;][vc_column width=&#8220;1\/2&#8243; css=&#8220;.vc_custom_1631872747396{padding-top: 26% !important;padding-bottom: 26% !important;background-image: url(https:\/\/www.aquacolor.eu\/wp-content\/uploads\/2021\/09\/Aquacolor-Onze-Catalogus.jpg?id=21641) !important;background-position: center !important;background-repeat: no-repeat !important;background-size: cover !important;}&#8220;][\/vc_column][vc_column width=&#8220;1\/2&#8243; css=&#8220;.vc_custom_1631872775870{padding-top: 7% !important;padding-bottom: 3% !important;padding-left: 10% !important;}&#8220;][vc_custom_heading text=&#8220;Technische Daten&#8220; font_container=&#8220;tag:h3|text_align:left|color:%23ffffff&#8220; use_theme_fonts=&#8220;yes&#8220;][vc_column_text]<i class=\"icon-download\" style=\"color:#ffffff\" aria-hidden=\"true\"><\/i> <a href=\"\/wp-content\/uploads\/2021\/09\/IMPEX-Brochure-Aquacolor-Glass-tech-characteristics-2016.pdf\" download=\"\">Datenblatt Glas PDF<\/a><br \/>\n<i class=\"icon-download\" style=\"color:#ffffff\" aria-hidden=\"true\"><\/i> <a href=\"\/wp-content\/uploads\/2021\/09\/IMPEX-Brochure-Aquacolor-Porcelain-tech-characteristics-2016.pdf\" download=\"\">Datenblatt Porzellan PDF<\/a><br \/>\n<i class=\"icon-download\" style=\"color:#ffffff\" aria-hidden=\"true\"><\/i> <a href=\"\/wp-content\/uploads\/2021\/09\/IMPEX-Brochure-Aquacolor-Crystal-tech-characteristics-2016.pdf\" download=\"\">Datenblatt Kristall PDF<\/a><br \/>\n<i class=\"icon-download\" style=\"color:#ffffff\" aria-hidden=\"true\"><\/i> <a href=\"\/wp-content\/uploads\/2022\/05\/AQUACOLOR-2022-Brochure-Inventaris.xlsx\" download=\"\">Inventur XSL<\/a>[\/vc_column_text][vc_custom_heading text=&#8220;Siehe unseren Katalog&#8220; font_container=&#8220;tag:h3|text_align:left|color:%23ffffff&#8220; use_theme_fonts=&#8220;yes&#8220; css=&#8220;.vc_custom_1631880806624{margin-bottom: 20px !important;padding-top: 20px !important;}&#8220;][vc_btn title=&#8220;KATALOG&#8220; style=&#8220;outline&#8220; shape=&#8220;square&#8220; color=&#8220;white&#8220; link=&#8220;url:https%3A%2F%2Fwww.aquacolor.eu%2Fwp-content%2Fuploads%2F2021%2F09%2FAquacolor-2021.pdf|title:Aquacolor-Catalog-2021|target:_blank|&#8220;][\/vc_column][\/vc_row]<\/p>\n<\/div>","protected":false},"excerpt":{"rendered":"<p>[vc_row css=&#8220;.vc_custom_1631880944567{margin-top: 30px !important;border-bottom-width: 1px !important;padding-top: 2% !important;border-bottom-color: #000000 !important;border-bottom-style: solid !important;}&#8220;][vc_column width=&#8220;1\/3&#8243; css=&#8220;.vc_custom_1631880932549{padding-top: 10px !important;}&#8220;][vc_column_text css=&#8220;.vc_custom_1631880708236{margin-bottom: 20px !important;}&#8220;] VERLEGEN [\/vc_column_text][\/vc_column][vc_column width=&#8220;1\/3&#8243; css=&#8220;.vc_custom_1631880935407{padding-top: 10px !important;}&#8220;][vc_column_text css=&#8220;.vc_custom_1631880725202{margin-bottom:<span class=\"excerpt-hellip\"> [\u2026]<\/span><\/p>\n","protected":false},"author":1,"featured_media":0,"parent":0,"menu_order":7,"comment_status":"closed","ping_status":"closed","template":"","meta":{"_acf_changed":false,"footnotes":""},"class_list":["post-27369","page","type-page","status-publish","hentry"],"acf":[],"yoast_head":"<!-- This site is optimized with the Yoast SEO plugin v27.5 - https:\/\/yoast.com\/product\/yoast-seo-wordpress\/ -->\n<title>Info - aquacolor<\/title>\n<meta name=\"robots\" content=\"index, follow, max-snippet:-1, max-image-preview:large, max-video-preview:-1\" \/>\n<link rel=\"canonical\" href=\"https:\/\/www.aquacolor.eu\/de\/info\/\" \/>\n<meta property=\"og:locale\" content=\"de_DE\" \/>\n<meta property=\"og:type\" content=\"article\" \/>\n<meta property=\"og:title\" content=\"Info - aquacolor\" \/>\n<meta property=\"og:description\" content=\"[vc_row css=&#8220;.vc_custom_1631880944567{margin-top: 30px !important;border-bottom-width: 1px !important;padding-top: 2% !important;border-bottom-color: #000000 !important;border-bottom-style: solid !important;}&#8220;][vc_column width=&#8220;1\/3&#8243; css=&#8220;.vc_custom_1631880932549{padding-top: 10px !important;}&#8220;][vc_column_text css=&#8220;.vc_custom_1631880708236{margin-bottom: 20px !important;}&#8220;] VERLEGEN [\/vc_column_text][\/vc_column][vc_column width=&#8220;1\/3&#8243; css=&#8220;.vc_custom_1631880935407{padding-top: 10px !important;}&#8220;][vc_column_text css=&#8220;.vc_custom_1631880725202{margin-bottom: [\u2026]\" \/>\n<meta property=\"og:url\" content=\"https:\/\/www.aquacolor.eu\/de\/info\/\" \/>\n<meta property=\"og:site_name\" content=\"aquacolor\" \/>\n<meta property=\"article:publisher\" content=\"https:\/\/www.facebook.com\/Aquacolormosaic\/\" \/>\n<meta property=\"article:modified_time\" content=\"2022-05-13T14:21:25+00:00\" \/>\n<meta name=\"twitter:card\" content=\"summary_large_image\" \/>\n<script type=\"application\/ld+json\" class=\"yoast-schema-graph\">{\"@context\":\"https:\\\/\\\/schema.org\",\"@graph\":[{\"@type\":\"WebPage\",\"@id\":\"https:\\\/\\\/www.aquacolor.eu\\\/de\\\/info\\\/\",\"url\":\"https:\\\/\\\/www.aquacolor.eu\\\/de\\\/info\\\/\",\"name\":\"Info - aquacolor\",\"isPartOf\":{\"@id\":\"https:\\\/\\\/www.aquacolor.eu\\\/de\\\/#website\"},\"datePublished\":\"2021-09-21T13:50:42+00:00\",\"dateModified\":\"2022-05-13T14:21:25+00:00\",\"breadcrumb\":{\"@id\":\"https:\\\/\\\/www.aquacolor.eu\\\/de\\\/info\\\/#breadcrumb\"},\"inLanguage\":\"de\",\"potentialAction\":[{\"@type\":\"ReadAction\",\"target\":[\"https:\\\/\\\/www.aquacolor.eu\\\/de\\\/info\\\/\"]}]},{\"@type\":\"BreadcrumbList\",\"@id\":\"https:\\\/\\\/www.aquacolor.eu\\\/de\\\/info\\\/#breadcrumb\",\"itemListElement\":[{\"@type\":\"ListItem\",\"position\":1,\"name\":\"Home\",\"item\":\"https:\\\/\\\/www.aquacolor.eu\\\/de\\\/\"},{\"@type\":\"ListItem\",\"position\":2,\"name\":\"Info\"}]},{\"@type\":\"WebSite\",\"@id\":\"https:\\\/\\\/www.aquacolor.eu\\\/de\\\/#website\",\"url\":\"https:\\\/\\\/www.aquacolor.eu\\\/de\\\/\",\"name\":\"aquacolor\",\"description\":\"Aquacolor collectie\",\"publisher\":{\"@id\":\"https:\\\/\\\/www.aquacolor.eu\\\/de\\\/#organization\"},\"potentialAction\":[{\"@type\":\"SearchAction\",\"target\":{\"@type\":\"EntryPoint\",\"urlTemplate\":\"https:\\\/\\\/www.aquacolor.eu\\\/de\\\/?s={search_term_string}\"},\"query-input\":{\"@type\":\"PropertyValueSpecification\",\"valueRequired\":true,\"valueName\":\"search_term_string\"}}],\"inLanguage\":\"de\"},{\"@type\":\"Organization\",\"@id\":\"https:\\\/\\\/www.aquacolor.eu\\\/de\\\/#organization\",\"name\":\"Aquacolor\",\"url\":\"https:\\\/\\\/www.aquacolor.eu\\\/de\\\/\",\"logo\":{\"@type\":\"ImageObject\",\"inLanguage\":\"de\",\"@id\":\"https:\\\/\\\/www.aquacolor.eu\\\/de\\\/#\\\/schema\\\/logo\\\/image\\\/\",\"url\":\"https:\\\/\\\/www.aquacolor.eu\\\/wp-content\\\/uploads\\\/2021\\\/09\\\/Aquacolor-Logo@2x.png\",\"contentUrl\":\"https:\\\/\\\/www.aquacolor.eu\\\/wp-content\\\/uploads\\\/2021\\\/09\\\/Aquacolor-Logo@2x.png\",\"width\":436,\"height\":101,\"caption\":\"Aquacolor\"},\"image\":{\"@id\":\"https:\\\/\\\/www.aquacolor.eu\\\/de\\\/#\\\/schema\\\/logo\\\/image\\\/\"},\"sameAs\":[\"https:\\\/\\\/www.facebook.com\\\/Aquacolormosaic\\\/\",\"https:\\\/\\\/www.instagram.com\\\/aquacolormosaic\",\"https:\\\/\\\/www.linkedin.com\\\/company\\\/impexbe\\\/\",\"https:\\\/\\\/nl.pinterest.com\\\/Aquacolormosaic\\\/\"]}]}<\/script>\n<!-- \/ Yoast SEO plugin. -->","yoast_head_json":{"title":"Info - aquacolor","robots":{"index":"index","follow":"follow","max-snippet":"max-snippet:-1","max-image-preview":"max-image-preview:large","max-video-preview":"max-video-preview:-1"},"canonical":"https:\/\/www.aquacolor.eu\/de\/info\/","og_locale":"de_DE","og_type":"article","og_title":"Info - aquacolor","og_description":"[vc_row css=&#8220;.vc_custom_1631880944567{margin-top: 30px !important;border-bottom-width: 1px !important;padding-top: 2% !important;border-bottom-color: #000000 !important;border-bottom-style: solid !important;}&#8220;][vc_column width=&#8220;1\/3&#8243; css=&#8220;.vc_custom_1631880932549{padding-top: 10px !important;}&#8220;][vc_column_text css=&#8220;.vc_custom_1631880708236{margin-bottom: 20px !important;}&#8220;] VERLEGEN [\/vc_column_text][\/vc_column][vc_column width=&#8220;1\/3&#8243; css=&#8220;.vc_custom_1631880935407{padding-top: 10px !important;}&#8220;][vc_column_text css=&#8220;.vc_custom_1631880725202{margin-bottom: [\u2026]","og_url":"https:\/\/www.aquacolor.eu\/de\/info\/","og_site_name":"aquacolor","article_publisher":"https:\/\/www.facebook.com\/Aquacolormosaic\/","article_modified_time":"2022-05-13T14:21:25+00:00","twitter_card":"summary_large_image","schema":{"@context":"https:\/\/schema.org","@graph":[{"@type":"WebPage","@id":"https:\/\/www.aquacolor.eu\/de\/info\/","url":"https:\/\/www.aquacolor.eu\/de\/info\/","name":"Info - aquacolor","isPartOf":{"@id":"https:\/\/www.aquacolor.eu\/de\/#website"},"datePublished":"2021-09-21T13:50:42+00:00","dateModified":"2022-05-13T14:21:25+00:00","breadcrumb":{"@id":"https:\/\/www.aquacolor.eu\/de\/info\/#breadcrumb"},"inLanguage":"de","potentialAction":[{"@type":"ReadAction","target":["https:\/\/www.aquacolor.eu\/de\/info\/"]}]},{"@type":"BreadcrumbList","@id":"https:\/\/www.aquacolor.eu\/de\/info\/#breadcrumb","itemListElement":[{"@type":"ListItem","position":1,"name":"Home","item":"https:\/\/www.aquacolor.eu\/de\/"},{"@type":"ListItem","position":2,"name":"Info"}]},{"@type":"WebSite","@id":"https:\/\/www.aquacolor.eu\/de\/#website","url":"https:\/\/www.aquacolor.eu\/de\/","name":"aquacolor","description":"Aquacolor collectie","publisher":{"@id":"https:\/\/www.aquacolor.eu\/de\/#organization"},"potentialAction":[{"@type":"SearchAction","target":{"@type":"EntryPoint","urlTemplate":"https:\/\/www.aquacolor.eu\/de\/?s={search_term_string}"},"query-input":{"@type":"PropertyValueSpecification","valueRequired":true,"valueName":"search_term_string"}}],"inLanguage":"de"},{"@type":"Organization","@id":"https:\/\/www.aquacolor.eu\/de\/#organization","name":"Aquacolor","url":"https:\/\/www.aquacolor.eu\/de\/","logo":{"@type":"ImageObject","inLanguage":"de","@id":"https:\/\/www.aquacolor.eu\/de\/#\/schema\/logo\/image\/","url":"https:\/\/www.aquacolor.eu\/wp-content\/uploads\/2021\/09\/Aquacolor-Logo@2x.png","contentUrl":"https:\/\/www.aquacolor.eu\/wp-content\/uploads\/2021\/09\/Aquacolor-Logo@2x.png","width":436,"height":101,"caption":"Aquacolor"},"image":{"@id":"https:\/\/www.aquacolor.eu\/de\/#\/schema\/logo\/image\/"},"sameAs":["https:\/\/www.facebook.com\/Aquacolormosaic\/","https:\/\/www.instagram.com\/aquacolormosaic","https:\/\/www.linkedin.com\/company\/impexbe\/","https:\/\/nl.pinterest.com\/Aquacolormosaic\/"]}]}},"_links":{"self":[{"href":"https:\/\/www.aquacolor.eu\/de\/wp-json\/wp\/v2\/pages\/27369","targetHints":{"allow":["GET"]}}],"collection":[{"href":"https:\/\/www.aquacolor.eu\/de\/wp-json\/wp\/v2\/pages"}],"about":[{"href":"https:\/\/www.aquacolor.eu\/de\/wp-json\/wp\/v2\/types\/page"}],"author":[{"embeddable":true,"href":"https:\/\/www.aquacolor.eu\/de\/wp-json\/wp\/v2\/users\/1"}],"replies":[{"embeddable":true,"href":"https:\/\/www.aquacolor.eu\/de\/wp-json\/wp\/v2\/comments?post=27369"}],"version-history":[{"count":3,"href":"https:\/\/www.aquacolor.eu\/de\/wp-json\/wp\/v2\/pages\/27369\/revisions"}],"predecessor-version":[{"id":33252,"href":"https:\/\/www.aquacolor.eu\/de\/wp-json\/wp\/v2\/pages\/27369\/revisions\/33252"}],"wp:attachment":[{"href":"https:\/\/www.aquacolor.eu\/de\/wp-json\/wp\/v2\/media?parent=27369"}],"curies":[{"name":"wp","href":"https:\/\/api.w.org\/{rel}","templated":true}]}}